{"id":26100,"date":"2026-04-08T11:00:30","date_gmt":"2026-04-08T15:00:30","guid":{"rendered":"https:\/\/alimentospr.org\/?page_id=26100"},"modified":"2026-04-28T20:11:05","modified_gmt":"2026-04-29T00:11:05","slug":"agencia-socia","status":"publish","type":"page","link":"https:\/\/alimentospr.org\/en\/agencia-socia\/","title":{"rendered":"Agencia Miembro"},"content":{"rendered":"<div data-elementor-type=\"wp-page\" data-elementor-id=\"26100\" class=\"elementor elementor-26100\">\n\t\t\t\t<div class=\"elementor-element elementor-element-041513b e-flex e-con-boxed e-con e-parent\" data-id=\"041513b\" data-element_type=\"container\" data-e-type=\"container\">\n\t\t\t\t\t<div class=\"e-con-inner\">\n\t\t\t\t<div class=\"elementor-element elementor-element-1776249 elementor-widget elementor-widget-text-editor\" data-id=\"1776249\" data-element_type=\"widget\" data-e-type=\"widget\" data-widget_type=\"text-editor.default\">\n\t\t\t\t\t\t\t\t\t<p><span style=\"color: #000000;\">Nuestra red de agencias miembro es una coalici\u00f3n de organizaciones que ayudan a distribuir alimentos en todo Puerto Rico. Las agencias miembro tienen una colaboraci\u00f3n establecida con Banco de Alimentos Puerto Rico, Inc. y proporcionan alimentos de forma regular a los vecinos con insegurirdad alimentaria.<\/span><\/p>\n<p><span style=\"color: #000000;\">\u00bfQu\u00e9 significa ser una agencia miembro del Banco de Alimentos? Cuando nos referimos a una agencia miembro, nos referimos a una organizaci\u00f3n sin \u00e1nimo de lucro que proporciona ayuda alimentaria en forma de comidas, meriendas o alimentos gratuitos a los vecinos de forma constante. Si le interesa que apoyemos su programa de alimentaci\u00f3n ya establecido <\/span><span style=\"color: #000000;\">para distribuir alimentos de forma regular a nuestros vecinos necesitados, \u00a1est\u00e1 en el lugar adecuado!<\/span><\/p>\n<p><span style=\"color: #000000;\">Las organizaciones pueden presentar una solicitud de elegibilidad. Nuestro periodo de incorporaci\u00f3n es del 1 de abril al 1 de junio.\u00a0<b>Las solicitudes se tramitan anualmente durante nuestro periodo de afiliaci\u00f3n, entre el 1 de abril y el 1 de junio.<\/b>\u00a0Durante este periodo debe completar el primer paso; Formulario de Evaluaci\u00f3n para Membresia (abajo enlace). Las organizaciones que resulten elegibles en base a nuestros criterios, seran contactadas para avanzar al siguiente paso del proceso que incluye: Entrega de documentaci\u00f3n requerida y Coordinaci\u00f3n de la visita de evaluaci\u00f3n. Toda solicitud aprobada estaria comenzando con nosotros a partir del 1ero de julio, en el comienzo de nuestro a\u00f1o fiscal.\u00a0<\/span><\/p>\t\t\t\t\t\t\t\t<\/div>\n\t\t\t\t\t<\/div>\n\t\t\t\t<\/div>\n\t\t\t\t<section class=\"elementor-section elementor-top-section elementor-element elementor-element-d65da93 elementor-section-stretched overflow-visible elementor-section-boxed elementor-section-height-default elementor-section-height-default\" data-id=\"d65da93\" data-element_type=\"section\" data-e-type=\"section\" data-settings=\"{&quot;stretch_section&quot;:&quot;section-stretched&quot;,&quot;background_background&quot;:&quot;classic&quot;}\">\n\t\t\t\t\t\t\t<div class=\"elementor-background-overlay\"><\/div>\n\t\t\t\t\t\t\t<div class=\"elementor-container elementor-column-gap-default\">\n\t\t\t\t\t<div class=\"elementor-column elementor-col-100 elementor-top-column elementor-element elementor-element-da172d0\" data-id=\"da172d0\" data-element_type=\"column\" data-e-type=\"column\">\n\t\t\t<div class=\"elementor-widget-wrap elementor-element-populated\">\n\t\t\t\t\t\t<section class=\"elementor-section elementor-inner-section elementor-element elementor-element-5266830 elementor-section-content-middle elementor-section-boxed elementor-section-height-default elementor-section-height-default\" data-id=\"5266830\" data-element_type=\"section\" data-e-type=\"section\">\n\t\t\t\t\t\t<div class=\"elementor-container elementor-column-gap-default\">\n\t\t\t\t\t<div class=\"elementor-column elementor-col-100 elementor-inner-column elementor-element elementor-element-efc38c8\" data-id=\"efc38c8\" data-element_type=\"column\" data-e-type=\"column\">\n\t\t\t<div class=\"elementor-widget-wrap elementor-element-populated\">\n\t\t\t\t\t\t<div class=\"elementor-element elementor-element-cf58f2e elementor-widget elementor-widget-charetyfeaturebox\" data-id=\"cf58f2e\" data-element_type=\"widget\" data-e-type=\"widget\" data-widget_type=\"charetyfeaturebox.default\">\n\t\t\t\t<div class=\"elementor-widget-container feature-box-wrapper mx-width-img-70 text-center shortcode-rand-1 charety-inline-css\" data-css=\"&quot;.shortcode-rand-1.feature-box-wrapper .feature-box-inner &gt; *:nth-child(1), .shortcode-rand-1.feature-box-wrapper &gt; .media &gt; .media-body &gt; *:nth-child(1) { margin-bottom: 20px; }.shortcode-rand-1.feature-box-wrapper .feature-box-inner &gt; *:nth-child(2), .shortcode-rand-1.feature-box-wrapper &gt; .media &gt; .media-body &gt; *:nth-child(2) { margin-bottom: 14px; }.shortcode-rand-1.feature-box-wrapper .feature-box-inner &gt; *:nth-child(3), .shortcode-rand-1.feature-box-wrapper &gt; .media &gt; .media-body &gt; *:nth-child(3) { margin-bottom: 17px; }&quot;\">\r\n\t\t\t<div class=\"feature-box-inner\"><div class=\"feature-box-icon\"><span class=\"text-center theme-color-bg icon-icon-light rounded-circle fbox-icon-middle fa fa-book\"><\/span><\/div><h4 class=\"feature-box-title\"><a href=\"https:\/\/forms.office.com\/r\/snFrAz7Nc5?origin=lprLink\" title=\"SOLICITA  PARA UNIRTE A NOSOTROS\" target=\"_blank\">SOLICITA  PARA UNIRTE A NOSOTROS<\/a><\/h4><div class=\"fbox-content\">Formulario de Evaluaci\u00f3n de Elegibilidad para Membresia <\/div><div class=\"feature-box-btn\"><a class=\"btn btn-light btn-light btn-bg-dark theme-hbg-color btn-link\" href=\"https:\/\/forms.office.com\/r\/snFrAz7Nc5?origin=lprLink\" title=\"Presione aqui\">Presione aqui<\/a><\/div><!-- .feature-box-btn --><\/div>\t\t<\/div>\r\n\t\t\t\t<\/div>\n\t\t\t\t\t<\/div>\n\t\t<\/div>\n\t\t\t\t\t<\/div>\n\t\t<\/section>\n\t\t\t\t<section class=\"elementor-section elementor-inner-section elementor-element elementor-element-a9bcaa8 elementor-section-content-middle elementor-section-boxed elementor-section-height-default elementor-section-height-default\" data-id=\"a9bcaa8\" data-element_type=\"section\" data-e-type=\"section\">\n\t\t\t\t\t\t<div class=\"elementor-container elementor-column-gap-default\">\n\t\t\t\t\t<div class=\"elementor-column elementor-col-50 elementor-inner-column elementor-element elementor-element-4dba7ee\" data-id=\"4dba7ee\" data-element_type=\"column\" data-e-type=\"column\">\n\t\t\t<div class=\"elementor-widget-wrap elementor-element-populated\">\n\t\t\t\t\t\t<div class=\"elementor-element elementor-element-1066ebe elementor-widget elementor-widget-charetyfeaturebox\" data-id=\"1066ebe\" data-element_type=\"widget\" data-e-type=\"widget\" data-widget_type=\"charetyfeaturebox.default\">\n\t\t\t\t<div class=\"elementor-widget-container feature-box-wrapper mx-width-img-70 text-center shortcode-rand-2 charety-inline-css\" data-css=\"&quot;.shortcode-rand-2.feature-box-wrapper .feature-box-inner &gt; *:nth-child(1), .shortcode-rand-2.feature-box-wrapper &gt; .media &gt; .media-body &gt; *:nth-child(1) { margin-bottom: 20px; }.shortcode-rand-2.feature-box-wrapper .feature-box-inner &gt; *:nth-child(2), .shortcode-rand-2.feature-box-wrapper &gt; .media &gt; .media-body &gt; *:nth-child(2) { margin-bottom: 14px; }.shortcode-rand-2.feature-box-wrapper .feature-box-inner &gt; *:nth-child(3), .shortcode-rand-2.feature-box-wrapper &gt; .media &gt; .media-body &gt; *:nth-child(3) { margin-bottom: 17px; }&quot;\">\r\n\t\t\t<div class=\"feature-box-inner\"><div class=\"feature-box-icon\"><span class=\"text-center theme-color-bg icon-icon-light rounded-circle fbox-icon-middle fa fa-check\"><\/span><\/div><h4 class=\"feature-box-title\"><a href=\"#\" title=\"Criterios m\u00ednimos para las Agencias prospectos\" target=\"_blank\">Criterios m\u00ednimos para las Agencias prospectos<\/a><\/h4><div class=\"fbox-content\">Ser una organizaci\u00f3n sin \u00e1nimo de lucro con una carta de determinaci\u00f3n 501(c)(3) p\u00fablica \u00f3 Iglesia que cumpla con los criterios federales del IRS.\n\nAbrir al menos dos veces en semana, minimo 2 horas para la distribuci\u00f3n de alimentos.\nContar con un plan y presupuesto de distribuci\u00f3n de alimentos.\n\n\nDisponer de un almac\u00e9n de alimentos cerrado y seguro en un edificio no residencial.\n\nMantener la certificaci\u00f3n de manejo de alimentos.\n\nAceptar anteponer el bienestar de sus vecinos.\n\nArea geogr\u00e1fica donde no tenemos presencia con otras Agencias miembro.<\/div><\/div>\t\t<\/div>\r\n\t\t\t\t<\/div>\n\t\t\t\t\t<\/div>\n\t\t<\/div>\n\t\t\t\t<div class=\"elementor-column elementor-col-50 elementor-inner-column elementor-element elementor-element-4d8d3e2\" data-id=\"4d8d3e2\" data-element_type=\"column\" data-e-type=\"column\">\n\t\t\t<div class=\"elementor-widget-wrap elementor-element-populated\">\n\t\t\t\t\t\t<div class=\"elementor-element elementor-element-dfae9f0 elementor-widget elementor-widget-charetyfeaturebox\" data-id=\"dfae9f0\" data-element_type=\"widget\" data-e-type=\"widget\" data-widget_type=\"charetyfeaturebox.default\">\n\t\t\t\t<div class=\"elementor-widget-container feature-box-wrapper mx-width-img-70 text-center shortcode-rand-3 charety-inline-css\" data-css=\"&quot;.shortcode-rand-3.feature-box-wrapper .feature-box-inner &gt; *:nth-child(1), .shortcode-rand-3.feature-box-wrapper &gt; .media &gt; .media-body &gt; *:nth-child(1) { margin-bottom: 20px; }.shortcode-rand-3.feature-box-wrapper .feature-box-inner &gt; *:nth-child(2), .shortcode-rand-3.feature-box-wrapper &gt; .media &gt; .media-body &gt; *:nth-child(2) { margin-bottom: 14px; }.shortcode-rand-3.feature-box-wrapper .feature-box-inner &gt; *:nth-child(3), .shortcode-rand-3.feature-box-wrapper &gt; .media &gt; .media-body &gt; *:nth-child(3) { margin-bottom: 17px; }&quot;\">\r\n\t\t\t<div class=\"feature-box-inner\"><div class=\"feature-box-icon\"><span class=\"text-center theme-color-bg icon-icon-light rounded-circle fbox-icon-middle fa fa-pencil-square-o\"><\/span><\/div><h4 class=\"feature-box-title\"><a href=\"#\" title=\"Pasos para obtener membresia\" target=\"_blank\">Pasos para obtener membresia<\/a><\/h4><div class=\"fbox-content\">Enviar Formulario de Evaluaci\u00f3n de Elegibilidad.\nPreparar la solicitud reuniendo todos los documentos requeridos.\nSi se aprueba, completar la solicitud y la revisi\u00f3n de la facilidad. (Nos comunicamos para coordinar visita)\nAsistir a la orientaci\u00f3n y las capacitaciones.\nFirmar el Contrato de entendimiento y oficializar membresia.\n\nDOCUMENTACION REQUERIDA: Exenci\u00f3n controbutiva Federal 501 c 3 p\u00fablica (no aplica a Iglesias), Permiso unico, Certificado de Manejo de Alimentos, Certificado de Existencia, Certificado de Cumplimiento \"Good Standing\". <\/div><\/div>\t\t<\/div>\r\n\t\t\t\t<\/div>\n\t\t\t\t\t<\/div>\n\t\t<\/div>\n\t\t\t\t\t<\/div>\n\t\t<\/section>\n\t\t\t\t<section class=\"elementor-section elementor-inner-section elementor-element elementor-element-7f8e589 elementor-section-content-middle elementor-hidden-desktop elementor-hidden-tablet elementor-hidden-mobile elementor-section-boxed elementor-section-height-default elementor-section-height-default\" data-id=\"7f8e589\" data-element_type=\"section\" data-e-type=\"section\">\n\t\t\t\t\t\t<div class=\"elementor-container elementor-column-gap-default\">\n\t\t\t\t\t<div class=\"elementor-column elementor-col-33 elementor-inner-column elementor-element elementor-element-053df8a\" data-id=\"053df8a\" data-element_type=\"column\" data-e-type=\"column\">\n\t\t\t<div class=\"elementor-widget-wrap elementor-element-populated\">\n\t\t\t\t\t\t<div class=\"elementor-element elementor-element-bc6d2b8 elementor-widget elementor-widget-charetyfeaturebox\" data-id=\"bc6d2b8\" data-element_type=\"widget\" data-e-type=\"widget\" data-widget_type=\"charetyfeaturebox.default\">\n\t\t\t\t<div class=\"elementor-widget-container feature-box-wrapper mx-width-img-70 text-center shortcode-rand-4 charety-inline-css\" data-css=\"&quot;.shortcode-rand-4.feature-box-wrapper .feature-box-inner &gt; *:nth-child(1), .shortcode-rand-4.feature-box-wrapper &gt; .media &gt; .media-body &gt; *:nth-child(1) { margin-bottom: 20px; }.shortcode-rand-4.feature-box-wrapper .feature-box-inner &gt; *:nth-child(2), .shortcode-rand-4.feature-box-wrapper &gt; .media &gt; .media-body &gt; *:nth-child(2) { margin-bottom: 14px; }.shortcode-rand-4.feature-box-wrapper .feature-box-inner &gt; *:nth-child(3), .shortcode-rand-4.feature-box-wrapper &gt; .media &gt; .media-body &gt; *:nth-child(3) { margin-bottom: 17px; }&quot;\">\r\n\t\t\t<div class=\"feature-box-inner\"><div class=\"feature-box-image squared fbox-img-overlay-none\"><img data-recalc-dims=\"1\" decoding=\"async\" class=\"img-fluid\" src=\"https:\/\/i0.wp.com\/elementor.zozothemes.com\/charety\/wp-content\/uploads\/sites\/48\/2022\/03\/nature-4.png?ssl=1\" alt=\"Feature Box Image\"><\/div><h4 class=\"feature-box-title\"><a href=\"#\" title=\"Clear Ocean\" target=\"_blank\">Clear Ocean<\/a><\/h4><div class=\"fbox-content\">Lorem ipsum dolor sit amet, consectetur adipiscing elit<\/div><div class=\"feature-box-btn\"><a class=\"btn btn-light btn-light btn-bg-dark theme-hbg-color btn-link\" href=\"\" title=\"View More\">View More<\/a><\/div><!-- .feature-box-btn --><\/div>\t\t<\/div>\r\n\t\t\t\t<\/div>\n\t\t\t\t\t<\/div>\n\t\t<\/div>\n\t\t\t\t<div class=\"elementor-column elementor-col-33 elementor-inner-column elementor-element elementor-element-9594917\" data-id=\"9594917\" data-element_type=\"column\" data-e-type=\"column\">\n\t\t\t<div class=\"elementor-widget-wrap elementor-element-populated\">\n\t\t\t\t\t\t<div class=\"elementor-element elementor-element-ed9ecc2 elementor-widget elementor-widget-charetyfeaturebox\" data-id=\"ed9ecc2\" data-element_type=\"widget\" data-e-type=\"widget\" data-widget_type=\"charetyfeaturebox.default\">\n\t\t\t\t<div class=\"elementor-widget-container feature-box-wrapper mx-width-img-70 text-center shortcode-rand-5 charety-inline-css\" data-css=\"&quot;.shortcode-rand-5.feature-box-wrapper .feature-box-inner &gt; *:nth-child(1), .shortcode-rand-5.feature-box-wrapper &gt; .media &gt; .media-body &gt; *:nth-child(1) { margin-bottom: 20px; }.shortcode-rand-5.feature-box-wrapper .feature-box-inner &gt; *:nth-child(2), .shortcode-rand-5.feature-box-wrapper &gt; .media &gt; .media-body &gt; *:nth-child(2) { margin-bottom: 14px; }.shortcode-rand-5.feature-box-wrapper .feature-box-inner &gt; *:nth-child(3), .shortcode-rand-5.feature-box-wrapper &gt; .media &gt; .media-body &gt; *:nth-child(3) { margin-bottom: 17px; }&quot;\">\r\n\t\t\t<div class=\"feature-box-inner\"><div class=\"feature-box-image squared fbox-img-overlay-none\"><img data-recalc-dims=\"1\" decoding=\"async\" class=\"img-fluid\" src=\"https:\/\/i0.wp.com\/elementor.zozothemes.com\/charety\/wp-content\/uploads\/sites\/48\/2022\/03\/nature-3.png?ssl=1\" alt=\"Feature Box Image\"><\/div><h4 class=\"feature-box-title\"><a href=\"#\" title=\"Save Forests\" target=\"_blank\">Save Forests<\/a><\/h4><div class=\"fbox-content\">Lorem ipsum dolor sit amet, consectetur adipiscing elit<\/div><div class=\"feature-box-btn\"><a class=\"btn btn-light btn-light btn-bg-dark theme-hbg-color btn-link\" href=\"\" title=\"View More\">View More<\/a><\/div><!-- .feature-box-btn --><\/div>\t\t<\/div>\r\n\t\t\t\t<\/div>\n\t\t\t\t\t<\/div>\n\t\t<\/div>\n\t\t\t\t<div class=\"elementor-column elementor-col-33 elementor-inner-column elementor-element elementor-element-604b544\" data-id=\"604b544\" data-element_type=\"column\" data-e-type=\"column\">\n\t\t\t<div class=\"elementor-widget-wrap elementor-element-populated\">\n\t\t\t\t\t\t<div class=\"elementor-element elementor-element-1966013 elementor-widget elementor-widget-charetyfeaturebox\" data-id=\"1966013\" data-element_type=\"widget\" data-e-type=\"widget\" data-widget_type=\"charetyfeaturebox.default\">\n\t\t\t\t<div class=\"elementor-widget-container feature-box-wrapper mx-width-img-70 text-center shortcode-rand-6 charety-inline-css\" data-css=\"&quot;.shortcode-rand-6.feature-box-wrapper .feature-box-inner &gt; *:nth-child(1), .shortcode-rand-6.feature-box-wrapper &gt; .media &gt; .media-body &gt; *:nth-child(1) { margin-bottom: 20px; }.shortcode-rand-6.feature-box-wrapper .feature-box-inner &gt; *:nth-child(2), .shortcode-rand-6.feature-box-wrapper &gt; .media &gt; .media-body &gt; *:nth-child(2) { margin-bottom: 14px; }.shortcode-rand-6.feature-box-wrapper .feature-box-inner &gt; *:nth-child(3), .shortcode-rand-6.feature-box-wrapper &gt; .media &gt; .media-body &gt; *:nth-child(3) { margin-bottom: 17px; }&quot;\">\r\n\t\t\t<div class=\"feature-box-inner\"><div class=\"feature-box-image squared fbox-img-overlay-none\"><img data-recalc-dims=\"1\" decoding=\"async\" class=\"img-fluid\" src=\"https:\/\/i0.wp.com\/elementor.zozothemes.com\/charety\/wp-content\/uploads\/sites\/48\/2022\/03\/nature-2.png?ssl=1\" alt=\"Feature Box Image\"><\/div><h4 class=\"feature-box-title\"><a href=\"#\" title=\"Young Planting\" target=\"_blank\">Young Planting<\/a><\/h4><div class=\"fbox-content\">Lorem ipsum dolor sit amet, consectetur adipiscing elit<\/div><div class=\"feature-box-btn\"><a class=\"btn btn-light btn-light btn-bg-dark theme-hbg-color btn-link\" href=\"\" title=\"View More\">View More<\/a><\/div><!-- .feature-box-btn --><\/div>\t\t<\/div>\r\n\t\t\t\t<\/div>\n\t\t\t\t\t<\/div>\n\t\t<\/div>\n\t\t\t\t\t<\/div>\n\t\t<\/section>\n\t\t\t\t\t<\/div>\n\t\t<\/div>\n\t\t\t\t\t<\/div>\n\t\t<\/section>\n\t\t<div class=\"elementor-element elementor-element-3e9be44 e-flex e-con-boxed e-con e-parent\" data-id=\"3e9be44\" data-element_type=\"container\" data-e-type=\"container\">\n\t\t\t\t\t<div class=\"e-con-inner\">\n\t\t\t\t<div class=\"elementor-element elementor-element-3d6c3e7 elementor-widget-divider--view-line elementor-widget elementor-widget-divider\" data-id=\"3d6c3e7\" data-element_type=\"widget\" data-e-type=\"widget\" data-widget_type=\"divider.default\">\n\t\t\t\t\t\t\t<div class=\"elementor-divider\">\n\t\t\t<span class=\"elementor-divider-separator\">\n\t\t\t\t\t\t<\/span>\n\t\t<\/div>\n\t\t\t\t\t\t<\/div>\n\t\t\t\t\t<\/div>\n\t\t\t\t<\/div>\n\t\t<div class=\"elementor-element elementor-element-561c366 e-con-full e-flex e-con e-parent\" data-id=\"561c366\" data-element_type=\"container\" data-e-type=\"container\">\n\t\t\t\t<div class=\"elementor-element elementor-element-ae6a7fb elementor-widget elementor-widget-text-editor\" data-id=\"ae6a7fb\" data-element_type=\"widget\" data-e-type=\"widget\" data-widget_type=\"text-editor.default\">\n\t\t\t\t\t\t\t\t\t<h4 style=\"text-align: center;\"><span style=\"text-decoration: underline; color: #000000;\"><strong>Nuestros Afililiados<\/strong><\/span><\/h4>\t\t\t\t\t\t\t\t<\/div>\n\t\t<div class=\"elementor-element elementor-element-b71c1f6 e-grid e-con-full e-con e-child\" data-id=\"b71c1f6\" data-element_type=\"container\" data-e-type=\"container\">\n\t\t\t\t<div class=\"elementor-element elementor-element-9d7d920 elementor-widget elementor-widget-image\" data-id=\"9d7d920\" data-element_type=\"widget\" data-e-type=\"widget\" data-widget_type=\"image.default\">\n\t\t\t\t\t\t\t\t\t\t\t\t\t\t\t<img fetchpriority=\"high\" decoding=\"async\" width=\"758\" height=\"456\" src=\"https:\/\/i0.wp.com\/alimentospr.org\/wp-content\/uploads\/SECONDARY-USE-Member-of-Feeding-America-Logo-in-Seed-Shape_Full-Color-PNG-File-scaled.png?fit=758%2C456&amp;ssl=1\" class=\"attachment-medium size-medium wp-image-22845\" alt=\"\" \/>\t\t\t\t\t\t\t\t\t\t\t\t\t\t\t<\/div>\n\t\t\t\t<div class=\"elementor-element elementor-element-ab6f717 elementor-widget elementor-widget-image\" data-id=\"ab6f717\" data-element_type=\"widget\" data-e-type=\"widget\" data-widget_type=\"image.default\">\n\t\t\t\t\t\t\t\t\t\t\t\t\t\t\t<img decoding=\"async\" width=\"768\" height=\"456\" src=\"https:\/\/i0.wp.com\/alimentospr.org\/wp-content\/uploads\/Logo-Fondos-Unidos-FC-Org-Afiliada-002.png?fit=768%2C456&amp;ssl=1\" class=\"attachment-medium size-medium wp-image-26036\" alt=\"\" srcset=\"https:\/\/i0.wp.com\/alimentospr.org\/wp-content\/uploads\/Logo-Fondos-Unidos-FC-Org-Afiliada-002.png?resize=768%2C456&amp;ssl=1 768w, https:\/\/i0.wp.com\/alimentospr.org\/wp-content\/uploads\/Logo-Fondos-Unidos-FC-Org-Afiliada-002.png?resize=1170%2C694&amp;ssl=1 1170w, https:\/\/i0.wp.com\/alimentospr.org\/wp-content\/uploads\/Logo-Fondos-Unidos-FC-Org-Afiliada-002.png?resize=18%2C12&amp;ssl=1 18w\" sizes=\"(max-width: 768px) 100vw, 768px\" \/>\t\t\t\t\t\t\t\t\t\t\t\t\t\t\t<\/div>\n\t\t\t\t<\/div>\n\t\t\t\t<\/div>\n\t\t\t\t<\/div>","protected":false},"excerpt":{"rendered":"<p>Nuestra red de agencias miembro es una coalici\u00f3n de organizaciones que ayudan a distribuir alimentos en todo Puerto Rico. Las agencias miembro tienen una colaboraci\u00f3n establecida con Banco de Alimentos<\/p>","protected":false},"author":1,"featured_media":0,"parent":0,"menu_order":0,"comment_status":"closed","ping_status":"closed","template":"","meta":{"_monsterinsights_skip_tracking":false,"_monsterinsights_sitenote_active":false,"_monsterinsights_sitenote_note":"","_monsterinsights_sitenote_category":0,"footnotes":""},"class_list":["post-26100","page","type-page","status-publish","hentry"],"aioseo_notices":[],"_links":{"self":[{"href":"https:\/\/alimentospr.org\/en\/wp-json\/wp\/v2\/pages\/26100","targetHints":{"allow":["GET"]}}],"collection":[{"href":"https:\/\/alimentospr.org\/en\/wp-json\/wp\/v2\/pages"}],"about":[{"href":"https:\/\/alimentospr.org\/en\/wp-json\/wp\/v2\/types\/page"}],"author":[{"embeddable":true,"href":"https:\/\/alimentospr.org\/en\/wp-json\/wp\/v2\/users\/1"}],"replies":[{"embeddable":true,"href":"https:\/\/alimentospr.org\/en\/wp-json\/wp\/v2\/comments?post=26100"}],"version-history":[{"count":26,"href":"https:\/\/alimentospr.org\/en\/wp-json\/wp\/v2\/pages\/26100\/revisions"}],"predecessor-version":[{"id":26131,"href":"https:\/\/alimentospr.org\/en\/wp-json\/wp\/v2\/pages\/26100\/revisions\/26131"}],"wp:attachment":[{"href":"https:\/\/alimentospr.org\/en\/wp-json\/wp\/v2\/media?parent=26100"}],"curies":[{"name":"wp","href":"https:\/\/api.w.org\/{rel}","templated":true}]}}