{"id":24814,"date":"2023-10-25T14:45:36","date_gmt":"2023-10-25T18:45:36","guid":{"rendered":"https:\/\/alimentospr.org\/?page_id=24814"},"modified":"2023-11-30T10:44:47","modified_gmt":"2023-11-30T14:44:47","slug":"boletin_2023-09-03","status":"publish","type":"page","link":"https:\/\/alimentospr.org\/en\/boletin_2023-09-03\/","title":{"rendered":"Bolet\u00edn Septiembre 2023 3"},"content":{"rendered":"<div data-elementor-type=\"wp-page\" data-elementor-id=\"24814\" class=\"elementor elementor-24814\">\n\t\t\t\t\t\t<section class=\"elementor-section elementor-top-section elementor-element elementor-element-2fe2320a elementor-section-boxed elementor-section-height-default elementor-section-height-default\" data-id=\"2fe2320a\" data-element_type=\"section\" data-e-type=\"section\">\n\t\t\t\t\t\t<div class=\"elementor-container elementor-column-gap-default\">\n\t\t\t\t\t<div class=\"elementor-column elementor-col-100 elementor-top-column elementor-element elementor-element-82b7ffe\" data-id=\"82b7ffe\" data-element_type=\"column\" data-e-type=\"column\">\n\t\t\t<div class=\"elementor-widget-wrap elementor-element-populated\">\n\t\t\t\t\t\t<div class=\"elementor-element elementor-element-e68543 e-transform elementor-hidden-mobile elementor-widget elementor-widget-image\" data-id=\"e68543\" data-element_type=\"widget\" data-e-type=\"widget\" data-settings=\"{&quot;_transform_scale_effect&quot;:{&quot;unit&quot;:&quot;px&quot;,&quot;size&quot;:1,&quot;sizes&quot;:[]},&quot;_transform_scale_effect_tablet&quot;:{&quot;unit&quot;:&quot;px&quot;,&quot;size&quot;:&quot;&quot;,&quot;sizes&quot;:[]},&quot;_transform_scale_effect_mobile&quot;:{&quot;unit&quot;:&quot;px&quot;,&quot;size&quot;:&quot;&quot;,&quot;sizes&quot;:[]}}\" data-widget_type=\"image.default\">\n\t\t\t\t\t\t\t\t\t\t\t\t\t\t\t\t<a href=\"https:\/\/alimentospr.org\/en\/boletin_2023-09\/\">\n\t\t\t\t\t\t\t<img fetchpriority=\"high\" decoding=\"async\" width=\"1170\" height=\"122\" src=\"https:\/\/i0.wp.com\/alimentospr.org\/wp-content\/uploads\/20230910_Header_1.png?fit=1170%2C122&amp;ssl=1\" class=\"attachment-large size-large wp-image-25039\" alt=\"\" srcset=\"https:\/\/i0.wp.com\/alimentospr.org\/wp-content\/uploads\/20230910_Header_1.png?resize=1170%2C122&amp;ssl=1 1170w, https:\/\/i0.wp.com\/alimentospr.org\/wp-content\/uploads\/20230910_Header_1.png?resize=18%2C2&amp;ssl=1 18w\" sizes=\"(max-width: 1000px) 100vw, 1000px\" \/>\t\t\t\t\t\t\t\t<\/a>\n\t\t\t\t\t\t\t\t\t\t\t\t\t\t\t<\/div>\n\t\t\t\t<div class=\"elementor-element elementor-element-45b1071c elementor-hidden-desktop elementor-hidden-tablet elementor-widget elementor-widget-image\" data-id=\"45b1071c\" data-element_type=\"widget\" data-e-type=\"widget\" data-widget_type=\"image.default\">\n\t\t\t\t\t\t\t\t\t\t\t\t\t\t\t\t<a href=\"https:\/\/alimentospr.org\/en\/boletin_2023-09\/\">\n\t\t\t\t\t\t\t<img decoding=\"async\" width=\"1170\" height=\"322\" src=\"https:\/\/i0.wp.com\/alimentospr.org\/wp-content\/uploads\/20230910_Header_Mobile.png?fit=1170%2C322&amp;ssl=1\" class=\"attachment-large size-large wp-image-25029\" alt=\"\" srcset=\"https:\/\/i0.wp.com\/alimentospr.org\/wp-content\/uploads\/20230910_Header_Mobile.png?resize=1170%2C322&amp;ssl=1 1170w, https:\/\/i0.wp.com\/alimentospr.org\/wp-content\/uploads\/20230910_Header_Mobile.png?resize=18%2C5&amp;ssl=1 18w\" sizes=\"(max-width: 1000px) 100vw, 1000px\" \/>\t\t\t\t\t\t\t\t<\/a>\n\t\t\t\t\t\t\t\t\t\t\t\t\t\t\t<\/div>\n\t\t\t\t<section class=\"elementor-section elementor-inner-section elementor-element elementor-element-a47107f elementor-section-boxed elementor-section-height-default elementor-section-height-default\" data-id=\"a47107f\" data-element_type=\"section\" data-e-type=\"section\">\n\t\t\t\t\t\t<div class=\"elementor-container elementor-column-gap-default\">\n\t\t\t\t\t<div class=\"elementor-column elementor-col-100 elementor-inner-column elementor-element elementor-element-f0c89e8\" data-id=\"f0c89e8\" data-element_type=\"column\" data-e-type=\"column\">\n\t\t\t<div class=\"elementor-widget-wrap elementor-element-populated\">\n\t\t\t\t\t\t<div class=\"elementor-element elementor-element-1990103c elementor-widget__width-auto elementor-widget elementor-widget-text-editor\" data-id=\"1990103c\" data-element_type=\"widget\" data-e-type=\"widget\" data-widget_type=\"text-editor.default\">\n\t\t\t\t\t\t\t\t\t<h6 style=\"text-align: center;\"><span style=\"color: #c94e05;\"><a title=\"Historic Archive\" href=\"https:\/\/alimentospr.org\/en\/boletines_archivo_historico\/\">Historic Archive<\/a><\/span><\/h6>\t\t\t\t\t\t\t\t<\/div>\n\t\t\t\t\t<\/div>\n\t\t<\/div>\n\t\t\t\t\t<\/div>\n\t\t<\/section>\n\t\t\t\t<div class=\"elementor-element elementor-element-6ae9260d elementor-widget-divider--view-line elementor-widget elementor-widget-divider\" data-id=\"6ae9260d\" data-element_type=\"widget\" data-e-type=\"widget\" data-widget_type=\"divider.default\">\n\t\t\t\t\t\t\t<div class=\"elementor-divider\">\n\t\t\t<span class=\"elementor-divider-separator\">\n\t\t\t\t\t\t<\/span>\n\t\t<\/div>\n\t\t\t\t\t\t<\/div>\n\t\t\t\t<div class=\"elementor-element elementor-element-6c1b9bd elementor-widget elementor-widget-spacer\" data-id=\"6c1b9bd\" data-element_type=\"widget\" data-e-type=\"widget\" data-widget_type=\"spacer.default\">\n\t\t\t\t\t\t\t<div class=\"elementor-spacer\">\n\t\t\t<div class=\"elementor-spacer-inner\"><\/div>\n\t\t<\/div>\n\t\t\t\t\t\t<\/div>\n\t\t\t\t<section class=\"elementor-section elementor-inner-section elementor-element elementor-element-da39f1a elementor-section-boxed elementor-section-height-default elementor-section-height-default\" data-id=\"da39f1a\" data-element_type=\"section\" data-e-type=\"section\">\n\t\t\t\t\t\t<div class=\"elementor-container elementor-column-gap-default\">\n\t\t\t\t\t<div class=\"elementor-column elementor-col-100 elementor-inner-column elementor-element elementor-element-9aa2ef3\" data-id=\"9aa2ef3\" data-element_type=\"column\" data-e-type=\"column\">\n\t\t\t<div class=\"elementor-widget-wrap elementor-element-populated\">\n\t\t\t\t\t\t<div class=\"elementor-element elementor-element-240fa30 elementor-widget elementor-widget-text-editor\" data-id=\"240fa30\" data-element_type=\"widget\" data-e-type=\"widget\" data-widget_type=\"text-editor.default\">\n\t\t\t\t\t\t\t\t\t<h3 style=\"text-align: center;\"><span style=\"color: #c94e05;\"><strong>ANNUAL PARTNER AGENCY MEETING<\/strong><\/span><\/h3>\t\t\t\t\t\t\t\t<\/div>\n\t\t\t\t\t<\/div>\n\t\t<\/div>\n\t\t\t\t\t<\/div>\n\t\t<\/section>\n\t\t\t\t<section class=\"elementor-section elementor-inner-section elementor-element elementor-element-f2c8de4 elementor-section-boxed elementor-section-height-default elementor-section-height-default\" data-id=\"f2c8de4\" data-element_type=\"section\" data-e-type=\"section\">\n\t\t\t\t\t\t<div class=\"elementor-container elementor-column-gap-default\">\n\t\t\t\t\t<div class=\"elementor-column elementor-col-50 elementor-inner-column elementor-element elementor-element-3a104e2\" data-id=\"3a104e2\" data-element_type=\"column\" data-e-type=\"column\">\n\t\t\t<div class=\"elementor-widget-wrap elementor-element-populated\">\n\t\t\t\t\t\t<div class=\"elementor-element elementor-element-536c348 elementor-widget elementor-widget-image\" data-id=\"536c348\" data-element_type=\"widget\" data-e-type=\"widget\" data-widget_type=\"image.default\">\n\t\t\t\t\t\t\t\t\t\t\t\t\t\t\t<img decoding=\"async\" width=\"632\" height=\"375\" src=\"https:\/\/i0.wp.com\/alimentospr.org\/wp-content\/uploads\/2023-09_Orgs_Miembro.jpg?fit=632%2C375&amp;ssl=1\" class=\"attachment-large size-large wp-image-24816\" alt=\"\" \/>\t\t\t\t\t\t\t\t\t\t\t\t\t\t\t<\/div>\n\t\t\t\t\t<\/div>\n\t\t<\/div>\n\t\t\t\t<div class=\"elementor-column elementor-col-50 elementor-inner-column elementor-element elementor-element-ee1c62c\" data-id=\"ee1c62c\" data-element_type=\"column\" data-e-type=\"column\">\n\t\t\t<div class=\"elementor-widget-wrap elementor-element-populated\">\n\t\t\t\t\t\t<div class=\"elementor-element elementor-element-eb62915 elementor-widget elementor-widget-text-editor\" data-id=\"eb62915\" data-element_type=\"widget\" data-e-type=\"widget\" data-widget_type=\"text-editor.default\">\n\t\t\t\t\t\t\t\t\t<p><span style=\"color: #000000;\">At the annual meeting of member organizations on September 27, 2023, we discussed new changes and initiatives that will improve our network's services to communities in need.<\/span><\/p>\n<p><span style=\"color: #000000;\">Among the topics discussed, we announced new extended hours, the implementation of a better data collection platform, and the upcoming launch of a pilot program to promote free food choice.<\/span><\/p>\t\t\t\t\t\t\t\t<\/div>\n\t\t\t\t\t<\/div>\n\t\t<\/div>\n\t\t\t\t\t<\/div>\n\t\t<\/section>\n\t\t\t\t<div class=\"elementor-element elementor-element-c18d4b7 elementor-widget-divider--view-line elementor-widget elementor-widget-divider\" data-id=\"c18d4b7\" data-element_type=\"widget\" data-e-type=\"widget\" data-widget_type=\"divider.default\">\n\t\t\t\t\t\t\t<div class=\"elementor-divider\">\n\t\t\t<span class=\"elementor-divider-separator\">\n\t\t\t\t\t\t<\/span>\n\t\t<\/div>\n\t\t\t\t\t\t<\/div>\n\t\t\t\t<section class=\"elementor-section elementor-inner-section elementor-element elementor-element-12de611 elementor-section-boxed elementor-section-height-default elementor-section-height-default\" data-id=\"12de611\" data-element_type=\"section\" data-e-type=\"section\">\n\t\t\t\t\t\t<div class=\"elementor-container elementor-column-gap-default\">\n\t\t\t\t\t<div class=\"elementor-column elementor-col-100 elementor-inner-column elementor-element elementor-element-3a138fa\" data-id=\"3a138fa\" data-element_type=\"column\" data-e-type=\"column\">\n\t\t\t<div class=\"elementor-widget-wrap elementor-element-populated\">\n\t\t\t\t\t\t<div class=\"elementor-element elementor-element-abf7358 elementor-widget elementor-widget-text-editor\" data-id=\"abf7358\" data-element_type=\"widget\" data-e-type=\"widget\" data-widget_type=\"text-editor.default\">\n\t\t\t\t\t\t\t\t\t<h3 style=\"text-align: center;\"><span style=\"color: #c94e05;\"><strong>ZERO HUNGER AWARDS<\/strong><\/span><\/h3>\t\t\t\t\t\t\t\t<\/div>\n\t\t\t\t\t<\/div>\n\t\t<\/div>\n\t\t\t\t\t<\/div>\n\t\t<\/section>\n\t\t\t\t<section class=\"elementor-section elementor-inner-section elementor-element elementor-element-05eae36 elementor-section-boxed elementor-section-height-default elementor-section-height-default\" data-id=\"05eae36\" data-element_type=\"section\" data-e-type=\"section\">\n\t\t\t\t\t\t<div class=\"elementor-container elementor-column-gap-default\">\n\t\t\t\t\t<div class=\"elementor-column elementor-col-100 elementor-inner-column elementor-element elementor-element-c6177d4\" data-id=\"c6177d4\" data-element_type=\"column\" data-e-type=\"column\">\n\t\t\t<div class=\"elementor-widget-wrap elementor-element-populated\">\n\t\t\t\t\t\t<div class=\"elementor-element elementor-element-4d0e3d9 elementor-widget elementor-widget-image\" data-id=\"4d0e3d9\" data-element_type=\"widget\" data-e-type=\"widget\" data-widget_type=\"image.default\">\n\t\t\t\t\t\t\t\t\t\t\t\t\t\t\t<img loading=\"lazy\" decoding=\"async\" width=\"1170\" height=\"694\" src=\"https:\/\/i0.wp.com\/alimentospr.org\/wp-content\/uploads\/2023-09_Hambre_Cero-scaled.jpeg?fit=1170%2C694&amp;ssl=1\" class=\"attachment-large size-large wp-image-24726\" alt=\"\" \/>\t\t\t\t\t\t\t\t\t\t\t\t\t\t\t<\/div>\n\t\t\t\t\t<\/div>\n\t\t<\/div>\n\t\t\t\t\t<\/div>\n\t\t<\/section>\n\t\t\t\t<section class=\"elementor-section elementor-inner-section elementor-element elementor-element-2040c05 elementor-section-boxed elementor-section-height-default elementor-section-height-default\" data-id=\"2040c05\" data-element_type=\"section\" data-e-type=\"section\">\n\t\t\t\t\t\t<div class=\"elementor-container elementor-column-gap-default\">\n\t\t\t\t\t<div class=\"elementor-column elementor-col-50 elementor-inner-column elementor-element elementor-element-a067ff4\" data-id=\"a067ff4\" data-element_type=\"column\" data-e-type=\"column\">\n\t\t\t<div class=\"elementor-widget-wrap elementor-element-populated\">\n\t\t\t\t\t\t<div class=\"elementor-element elementor-element-9c18f07 elementor-widget elementor-widget-text-editor\" data-id=\"9c18f07\" data-element_type=\"widget\" data-e-type=\"widget\" data-widget_type=\"text-editor.default\">\n\t\t\t\t\t\t\t\t\t<p><span style=\"color: #000000;\">For the third consecutive year we presented our Zero Hunger Awards to support projects working to alleviate hunger on the Island. These donations are possible thanks to a generous gift by Ms. Mckenzie Scott in November 2020.<\/span><\/p>\t\t\t\t\t\t\t\t<\/div>\n\t\t\t\t\t<\/div>\n\t\t<\/div>\n\t\t\t\t<div class=\"elementor-column elementor-col-50 elementor-inner-column elementor-element elementor-element-72f9be3\" data-id=\"72f9be3\" data-element_type=\"column\" data-e-type=\"column\">\n\t\t\t<div class=\"elementor-widget-wrap elementor-element-populated\">\n\t\t\t\t\t\t<div class=\"elementor-element elementor-element-e16cc80 elementor-widget elementor-widget-text-editor\" data-id=\"e16cc80\" data-element_type=\"widget\" data-e-type=\"widget\" data-widget_type=\"text-editor.default\">\n\t\t\t\t\t\t\t\t\t<p><span style=\"color: #000000;\">This year we awarded 6 projects:<\/span><\/p><ul><li><span style=\"color: #000000;\"><strong>Cocina del \u00c1ngel:<\/strong>\u00a0SFM Charities<\/span><\/li><li><span style=\"color: #000000;\"><strong>Almac\u00e9n de Alimentos y Cocina Comunitaria:<\/strong>\u00a0Fe Que Transforma Inc.<\/span><\/li><li><span style=\"color: #000000;\"><strong>Ra\u00edces de Conciencia:<\/strong>\u00a0CREARTE<\/span><\/li><li><span style=\"color: #000000;\"><strong>Educaci\u00f3n sin Hambre:<\/strong>\u00a0Hogar Forjadores de Esperanza<\/span><\/li><li><span style=\"color: #000000;\"><strong>Happy Kitchen:<\/strong>\u00a0Servicios Sociales Episcopales, Inc.<\/span><\/li><li><span style=\"color: #000000;\"><strong>Huerto Comunitario, CoMesa:<\/strong>\u00a0Universidad del Sagrado Coraz\u00f3n<\/span><\/li><\/ul>\t\t\t\t\t\t\t\t<\/div>\n\t\t\t\t\t<\/div>\n\t\t<\/div>\n\t\t\t\t\t<\/div>\n\t\t<\/section>\n\t\t\t\t<div class=\"elementor-element elementor-element-d40f64b elementor-widget elementor-widget-text-editor\" data-id=\"d40f64b\" data-element_type=\"widget\" data-e-type=\"widget\" data-widget_type=\"text-editor.default\">\n\t\t\t\t\t\t\t\t\t<p style=\"text-align: center;\"><strong><span style=\"color: #000000; font-family: var( --e-global-typography-text-font-family ), Sans-serif;\">Thank you for being part of the fight against food insecurity on the Island. Congratulations!<\/span><\/strong><\/p>\t\t\t\t\t\t\t\t<\/div>\n\t\t\t\t<div class=\"elementor-element elementor-element-5eb80bb elementor-align-center elementor-widget elementor-widget-button\" data-id=\"5eb80bb\" data-element_type=\"widget\" data-e-type=\"widget\" data-widget_type=\"button.default\">\n\t\t\t\t\t\t\t\t\t\t<a class=\"elementor-button elementor-button-link elementor-size-sm\" href=\"https:\/\/alimentospr.org\/en\/boletin_2023-09\/\">\n\t\t\t\t\t\t<span class=\"elementor-button-content-wrapper\">\n\t\t\t\t\t\t<span class=\"elementor-button-icon\">\n\t\t\t\t<svg aria-hidden=\"true\" class=\"e-font-icon-svg e-fas-arrow-circle-left\" viewbox=\"0 0 512 512\" xmlns=\"http:\/\/www.w3.org\/2000\/svg\"><path d=\"M256 504C119 504 8 393 8 256S119 8 256 8s248 111 248 248-111 248-248 248zm28.9-143.6L209.4 288H392c13.3 0 24-10.7 24-24v-16c0-13.3-10.7-24-24-24H209.4l75.5-72.4c9.7-9.3 9.9-24.8.4-34.3l-11-10.9c-9.4-9.4-24.6-9.4-33.9 0L107.7 239c-9.4 9.4-9.4 24.6 0 33.9l132.7 132.7c9.4 9.4 24.6 9.4 33.9 0l11-10.9c9.5-9.5 9.3-25-.4-34.3z\"><\/path><\/svg>\t\t\t<\/span>\n\t\t\t\t\t\t\t\t\t<span class=\"elementor-button-text\">Back to Newsletter...<\/span>\n\t\t\t\t\t<\/span>\n\t\t\t\t\t<\/a>\n\t\t\t\t\t\t\t\t<\/div>\n\t\t\t\t\t<\/div>\n\t\t<\/div>\n\t\t\t\t\t<\/div>\n\t\t<\/section>\n\t\t\t\t<\/div>","protected":false},"excerpt":{"rendered":"<p>Archivo Hist\u00f3rico REUNI\u00d3N DE ORGANIZACIONES MIEMBROS En la reuni\u00f3n anual de organizaciones miembros en la tarde del 27 de septiembre de 2023, se discutieron los nuevos cambios e iniciativas que<\/p>","protected":false},"author":2,"featured_media":0,"parent":0,"menu_order":0,"comment_status":"closed","ping_status":"closed","template":"","meta":{"_monsterinsights_skip_tracking":false,"_monsterinsights_sitenote_active":false,"_monsterinsights_sitenote_note":"","_monsterinsights_sitenote_category":0,"footnotes":""},"class_list":["post-24814","page","type-page","status-publish","hentry"],"aioseo_notices":[],"_links":{"self":[{"href":"https:\/\/alimentospr.org\/en\/wp-json\/wp\/v2\/pages\/24814","targetHints":{"allow":["GET"]}}],"collection":[{"href":"https:\/\/alimentospr.org\/en\/wp-json\/wp\/v2\/pages"}],"about":[{"href":"https:\/\/alimentospr.org\/en\/wp-json\/wp\/v2\/types\/page"}],"author":[{"embeddable":true,"href":"https:\/\/alimentospr.org\/en\/wp-json\/wp\/v2\/users\/2"}],"replies":[{"embeddable":true,"href":"https:\/\/alimentospr.org\/en\/wp-json\/wp\/v2\/comments?post=24814"}],"version-history":[{"count":14,"href":"https:\/\/alimentospr.org\/en\/wp-json\/wp\/v2\/pages\/24814\/revisions"}],"predecessor-version":[{"id":25065,"href":"https:\/\/alimentospr.org\/en\/wp-json\/wp\/v2\/pages\/24814\/revisions\/25065"}],"wp:attachment":[{"href":"https:\/\/alimentospr.org\/en\/wp-json\/wp\/v2\/media?parent=24814"}],"curies":[{"name":"wp","href":"https:\/\/api.w.org\/{rel}","templated":true}]}}