{"id":24779,"date":"2023-10-25T13:59:49","date_gmt":"2023-10-25T17:59:49","guid":{"rendered":"https:\/\/alimentospr.org\/?page_id=24779"},"modified":"2025-05-01T07:59:09","modified_gmt":"2025-05-01T11:59:09","slug":"boletin_2023-09-01","status":"publish","type":"page","link":"https:\/\/alimentospr.org\/en\/boletin_2023-09-01\/","title":{"rendered":"Bolet\u00edn Septiembre 2023 1"},"content":{"rendered":"<div data-elementor-type=\"wp-page\" data-elementor-id=\"24779\" class=\"elementor elementor-24779\">\n\t\t\t\t\t\t<section class=\"elementor-section elementor-top-section elementor-element elementor-element-6b4dcb0f elementor-section-boxed elementor-section-height-default elementor-section-height-default\" data-id=\"6b4dcb0f\" data-element_type=\"section\" data-e-type=\"section\">\n\t\t\t\t\t\t<div class=\"elementor-container elementor-column-gap-default\">\n\t\t\t\t\t<div class=\"elementor-column elementor-col-100 elementor-top-column elementor-element elementor-element-1fe5719a\" data-id=\"1fe5719a\" data-element_type=\"column\" data-e-type=\"column\">\n\t\t\t<div class=\"elementor-widget-wrap elementor-element-populated\">\n\t\t\t\t\t\t<div class=\"elementor-element elementor-element-2dbee61a e-transform elementor-hidden-mobile elementor-widget elementor-widget-image\" data-id=\"2dbee61a\" data-element_type=\"widget\" data-e-type=\"widget\" data-settings=\"{&quot;_transform_scale_effect&quot;:{&quot;unit&quot;:&quot;px&quot;,&quot;size&quot;:1,&quot;sizes&quot;:[]},&quot;_transform_scale_effect_tablet&quot;:{&quot;unit&quot;:&quot;px&quot;,&quot;size&quot;:&quot;&quot;,&quot;sizes&quot;:[]},&quot;_transform_scale_effect_mobile&quot;:{&quot;unit&quot;:&quot;px&quot;,&quot;size&quot;:&quot;&quot;,&quot;sizes&quot;:[]}}\" data-widget_type=\"image.default\">\n\t\t\t\t\t\t\t\t\t\t\t\t\t\t\t\t<a href=\"https:\/\/alimentospr.org\/en\/boletin_2023-09\/\">\n\t\t\t\t\t\t\t<img fetchpriority=\"high\" decoding=\"async\" width=\"1170\" height=\"122\" src=\"https:\/\/i0.wp.com\/alimentospr.org\/wp-content\/uploads\/20230910_Header_1.png?fit=1170%2C122&amp;ssl=1\" class=\"attachment-large size-large wp-image-25039\" alt=\"\" srcset=\"https:\/\/i0.wp.com\/alimentospr.org\/wp-content\/uploads\/20230910_Header_1.png?resize=1170%2C122&amp;ssl=1 1170w, https:\/\/i0.wp.com\/alimentospr.org\/wp-content\/uploads\/20230910_Header_1.png?resize=18%2C2&amp;ssl=1 18w\" sizes=\"(max-width: 1000px) 100vw, 1000px\" \/>\t\t\t\t\t\t\t\t<\/a>\n\t\t\t\t\t\t\t\t\t\t\t\t\t\t\t<\/div>\n\t\t\t\t<div class=\"elementor-element elementor-element-2f89ca68 elementor-hidden-desktop elementor-hidden-tablet elementor-widget elementor-widget-image\" data-id=\"2f89ca68\" data-element_type=\"widget\" data-e-type=\"widget\" data-widget_type=\"image.default\">\n\t\t\t\t\t\t\t\t\t\t\t\t\t\t\t\t<a href=\"https:\/\/alimentospr.org\/en\/boletin_2023-09\/\">\n\t\t\t\t\t\t\t<img decoding=\"async\" width=\"1170\" height=\"322\" src=\"https:\/\/i0.wp.com\/alimentospr.org\/wp-content\/uploads\/20230910_Header_Mobile.png?fit=1170%2C322&amp;ssl=1\" class=\"attachment-large size-large wp-image-25029\" alt=\"\" srcset=\"https:\/\/i0.wp.com\/alimentospr.org\/wp-content\/uploads\/20230910_Header_Mobile.png?resize=1170%2C322&amp;ssl=1 1170w, https:\/\/i0.wp.com\/alimentospr.org\/wp-content\/uploads\/20230910_Header_Mobile.png?resize=18%2C5&amp;ssl=1 18w\" sizes=\"(max-width: 1000px) 100vw, 1000px\" \/>\t\t\t\t\t\t\t\t<\/a>\n\t\t\t\t\t\t\t\t\t\t\t\t\t\t\t<\/div>\n\t\t\t\t<div class=\"elementor-element elementor-element-7d1848e4 elementor-widget__width-auto elementor-widget elementor-widget-text-editor\" data-id=\"7d1848e4\" data-element_type=\"widget\" data-e-type=\"widget\" data-widget_type=\"text-editor.default\">\n\t\t\t\t\t\t\t\t\t<h6><span style=\"color: #c94e05;\"><a title=\"Historic Archive\" href=\"https:\/\/alimentospr.org\/en\/boletines_archivo_historico\/\">Historic Archive<\/a><\/span><\/h6>\t\t\t\t\t\t\t\t<\/div>\n\t\t\t\t<div class=\"elementor-element elementor-element-2d52cf99 elementor-widget-divider--view-line elementor-widget elementor-widget-divider\" data-id=\"2d52cf99\" data-element_type=\"widget\" data-e-type=\"widget\" data-widget_type=\"divider.default\">\n\t\t\t\t\t\t\t<div class=\"elementor-divider\">\n\t\t\t<span class=\"elementor-divider-separator\">\n\t\t\t\t\t\t<\/span>\n\t\t<\/div>\n\t\t\t\t\t\t<\/div>\n\t\t\t\t<section class=\"elementor-section elementor-inner-section elementor-element elementor-element-52254b33 elementor-section-boxed elementor-section-height-default elementor-section-height-default\" data-id=\"52254b33\" data-element_type=\"section\" data-e-type=\"section\">\n\t\t\t\t\t\t<div class=\"elementor-container elementor-column-gap-default\">\n\t\t\t\t\t<div class=\"elementor-column elementor-col-100 elementor-inner-column elementor-element elementor-element-3e52f319\" data-id=\"3e52f319\" data-element_type=\"column\" data-e-type=\"column\">\n\t\t\t<div class=\"elementor-widget-wrap elementor-element-populated\">\n\t\t\t\t\t\t<div class=\"elementor-element elementor-element-22abd26d elementor-widget elementor-widget-text-editor\" data-id=\"22abd26d\" data-element_type=\"widget\" data-e-type=\"widget\" data-widget_type=\"text-editor.default\">\n\t\t\t\t\t\t\t\t\t<h3 style=\"text-align: center;\"><span style=\"color: #c94e05;\">HUNGER AWARENESS MONTH<\/span><\/h3><div><span style=\"color: #000000;\">September is National Hunger Awareness month. Banco de Alimentos de Puerto Rico focused it\u2019s efforts on raising awareness of food insecurity in the Island, so that we can find solutions together and achieve a Hunger Free Puerto Rico.<\/span><\/div><div>\u00a0<\/div><div><span style=\"color: #000000;\">Zero Hunger is the United Nation\u2019s second sustainable development goal by 2030.\u00a0<\/span><\/div>\t\t\t\t\t\t\t\t<\/div>\n\t\t\t\t\t<\/div>\n\t\t<\/div>\n\t\t\t\t\t<\/div>\n\t\t<\/section>\n\t\t\t\t<section class=\"elementor-section elementor-inner-section elementor-element elementor-element-5ac0821e elementor-section-boxed elementor-section-height-default elementor-section-height-default\" data-id=\"5ac0821e\" data-element_type=\"section\" data-e-type=\"section\">\n\t\t\t\t\t\t<div class=\"elementor-container elementor-column-gap-default\">\n\t\t\t\t\t<div class=\"elementor-column elementor-col-100 elementor-inner-column elementor-element elementor-element-7bccfb96\" data-id=\"7bccfb96\" data-element_type=\"column\" data-e-type=\"column\" data-settings=\"{&quot;background_background&quot;:&quot;classic&quot;}\">\n\t\t\t<div class=\"elementor-widget-wrap elementor-element-populated\">\n\t\t\t\t\t\t<div class=\"elementor-element elementor-element-1a7376b elementor-widget elementor-widget-video\" data-id=\"1a7376b\" data-element_type=\"widget\" data-e-type=\"widget\" data-settings=\"{&quot;youtube_url&quot;:&quot;https:\\\/\\\/youtu.be\\\/sRs5fkrfg5g?si=9Orj7Nds2mi6DU6U&quot;,&quot;video_type&quot;:&quot;youtube&quot;,&quot;controls&quot;:&quot;yes&quot;}\" data-widget_type=\"video.default\">\n\t\t\t\t\t\t\t<div class=\"elementor-wrapper elementor-open-inline\">\n\t\t\t<div class=\"elementor-video\"><\/div>\t\t<\/div>\n\t\t\t\t\t\t<\/div>\n\t\t\t\t<div class=\"elementor-element elementor-element-1d4839f0 elementor-widget__width-initial elementor-widget elementor-widget-text-editor\" data-id=\"1d4839f0\" data-element_type=\"widget\" data-e-type=\"widget\" data-widget_type=\"text-editor.default\">\n\t\t\t\t\t\t\t\t\t<h3 style=\"text-align: center;\"><span style=\"color: #c94e05;\">\"HELP US FILL THIS VOID\" CAMPAIGN<\/span><\/h3>\t\t\t\t\t\t\t\t<\/div>\n\t\t\t\t\t<\/div>\n\t\t<\/div>\n\t\t\t\t\t<\/div>\n\t\t<\/section>\n\t\t\t\t<div class=\"elementor-element elementor-element-6b3e8d9 elementor-widget elementor-widget-text-editor\" data-id=\"6b3e8d9\" data-element_type=\"widget\" data-e-type=\"widget\" data-widget_type=\"text-editor.default\">\n\t\t\t\t\t\t\t\t\t<p><span style=\"color: #000000;\">As part of our 35th anniversary, we launched an innovative national awareness and fundraising campaign: \u201cAy\u00fadanos a Llenar Este Vac\u00edo\u201d (Help Us Fill This Void).<\/span><\/p><p><span style=\"color: #000000;\">\u201cStatistics are overwhelming for our society,\u201d said Mari Jo Laborde, CEO of Banco de Alimentos de Puerto Rico, in a statement during the campaign launch event. \u201c45% of Puerto Rican families, almost half of the population, live below poverty levels, but very few of us know that almost all of them, including children, suffer from food insecurity. Even in this day and age, we still have families that have access to less food than they need to be healthy. This is unacceptable for us at the Food Bank and, as we celebrate 35 years, we are raising awareness of this reality and mobilizing everyone in Puerto Rico to, together, solve this crisis,\u201d concluded Mari Jo Laborde.<\/span><\/p>\t\t\t\t\t\t\t\t<\/div>\n\t\t\t\t<div class=\"elementor-element elementor-element-732451f elementor-align-center elementor-widget elementor-widget-button\" data-id=\"732451f\" data-element_type=\"widget\" data-e-type=\"widget\" data-widget_type=\"button.default\">\n\t\t\t\t\t\t\t\t\t\t<a class=\"elementor-button elementor-button-link elementor-size-sm\" href=\"https:\/\/alimentospr.org\/en\/boletin_2023-09\/\">\n\t\t\t\t\t\t<span class=\"elementor-button-content-wrapper\">\n\t\t\t\t\t\t<span class=\"elementor-button-icon\">\n\t\t\t\t<svg aria-hidden=\"true\" class=\"e-font-icon-svg e-fas-arrow-circle-left\" viewbox=\"0 0 512 512\" xmlns=\"http:\/\/www.w3.org\/2000\/svg\"><path d=\"M256 504C119 504 8 393 8 256S119 8 256 8s248 111 248 248-111 248-248 248zm28.9-143.6L209.4 288H392c13.3 0 24-10.7 24-24v-16c0-13.3-10.7-24-24-24H209.4l75.5-72.4c9.7-9.3 9.9-24.8.4-34.3l-11-10.9c-9.4-9.4-24.6-9.4-33.9 0L107.7 239c-9.4 9.4-9.4 24.6 0 33.9l132.7 132.7c9.4 9.4 24.6 9.4 33.9 0l11-10.9c9.5-9.5 9.3-25-.4-34.3z\"><\/path><\/svg>\t\t\t<\/span>\n\t\t\t\t\t\t\t\t\t<span class=\"elementor-button-text\">Back to Newsletter...<\/span>\n\t\t\t\t\t<\/span>\n\t\t\t\t\t<\/a>\n\t\t\t\t\t\t\t\t<\/div>\n\t\t\t\t\t<\/div>\n\t\t<\/div>\n\t\t\t\t\t<\/div>\n\t\t<\/section>\n\t\t\t\t<\/div>","protected":false},"excerpt":{"rendered":"<p>Archivo Hist\u00f3rico MES DE LA CONCIENCIACI\u00d3N DEL HAMBRE Con el prop\u00f3sito de aunar esfuerzos para atender las necesidades de las personas que viven bajo inseguridad alimentaria, anualmente durante el mes<\/p>","protected":false},"author":2,"featured_media":0,"parent":0,"menu_order":0,"comment_status":"closed","ping_status":"closed","template":"","meta":{"_monsterinsights_skip_tracking":false,"_monsterinsights_sitenote_active":false,"_monsterinsights_sitenote_note":"","_monsterinsights_sitenote_category":0,"footnotes":""},"class_list":["post-24779","page","type-page","status-publish","hentry"],"aioseo_notices":[],"_links":{"self":[{"href":"https:\/\/alimentospr.org\/en\/wp-json\/wp\/v2\/pages\/24779","targetHints":{"allow":["GET"]}}],"collection":[{"href":"https:\/\/alimentospr.org\/en\/wp-json\/wp\/v2\/pages"}],"about":[{"href":"https:\/\/alimentospr.org\/en\/wp-json\/wp\/v2\/types\/page"}],"author":[{"embeddable":true,"href":"https:\/\/alimentospr.org\/en\/wp-json\/wp\/v2\/users\/2"}],"replies":[{"embeddable":true,"href":"https:\/\/alimentospr.org\/en\/wp-json\/wp\/v2\/comments?post=24779"}],"version-history":[{"count":17,"href":"https:\/\/alimentospr.org\/en\/wp-json\/wp\/v2\/pages\/24779\/revisions"}],"predecessor-version":[{"id":25078,"href":"https:\/\/alimentospr.org\/en\/wp-json\/wp\/v2\/pages\/24779\/revisions\/25078"}],"wp:attachment":[{"href":"https:\/\/alimentospr.org\/en\/wp-json\/wp\/v2\/media?parent=24779"}],"curies":[{"name":"wp","href":"https:\/\/api.w.org\/{rel}","templated":true}]}}