{"id":19193,"date":"2022-02-14T05:51:15","date_gmt":"2022-02-14T05:51:15","guid":{"rendered":"https:\/\/elementor.zozothemes.com\/charety\/about-us-copy\/"},"modified":"2025-11-03T20:58:21","modified_gmt":"2025-11-04T00:58:21","slug":"quienes-somos","status":"publish","type":"page","link":"https:\/\/alimentospr.org\/en\/quienes-somos\/","title":{"rendered":"Who We Are"},"content":{"rendered":"<div data-elementor-type=\"wp-page\" data-elementor-id=\"19193\" class=\"elementor elementor-19193\">\n\t\t\t\t\t\t<section class=\"elementor-section elementor-top-section elementor-element elementor-element-b76dd9c elementor-section-stretched elementor-section-boxed elementor-section-height-default elementor-section-height-default\" data-id=\"b76dd9c\" data-element_type=\"section\" data-e-type=\"section\" data-settings=\"{&quot;stretch_section&quot;:&quot;section-stretched&quot;}\">\n\t\t\t\t\t\t<div class=\"elementor-container elementor-column-gap-default\">\n\t\t\t\t\t<div class=\"elementor-column elementor-col-50 elementor-top-column elementor-element elementor-element-263d8c2 overflow-hidden\" data-id=\"263d8c2\" data-element_type=\"column\" data-e-type=\"column\" data-settings=\"{&quot;background_background&quot;:&quot;slideshow&quot;,&quot;background_slideshow_gallery&quot;:[],&quot;background_slideshow_loop&quot;:&quot;yes&quot;,&quot;background_slideshow_slide_duration&quot;:5000,&quot;background_slideshow_slide_transition&quot;:&quot;fade&quot;,&quot;background_slideshow_transition_duration&quot;:500}\">\n\t\t\t<div class=\"elementor-widget-wrap elementor-element-populated\">\n\t\t\t\t\t\t<div class=\"elementor-element elementor-element-dbfbe3f elementor-widget elementor-widget-image\" data-id=\"dbfbe3f\" data-element_type=\"widget\" data-e-type=\"widget\" data-widget_type=\"image.default\">\n\t\t\t\t\t\t\t\t\t\t\t\t\t\t\t<img fetchpriority=\"high\" decoding=\"async\" width=\"500\" height=\"440\" src=\"https:\/\/i0.wp.com\/alimentospr.org\/wp-content\/uploads\/logo-app.png?fit=500%2C440&amp;ssl=1\" class=\"attachment-medium_large size-medium_large wp-image-22063\" alt=\"\" \/>\t\t\t\t\t\t\t\t\t\t\t\t\t\t\t<\/div>\n\t\t\t\t<div class=\"elementor-element elementor-element-66b9731 img-box-shadow elementor-widget elementor-widget-image\" data-id=\"66b9731\" data-element_type=\"widget\" data-e-type=\"widget\" data-widget_type=\"image.default\">\n\t\t\t\t\t\t\t\t\t\t\t\t\t\t\t<img decoding=\"async\" width=\"758\" height=\"456\" src=\"https:\/\/i0.wp.com\/alimentospr.org\/wp-content\/uploads\/SECONDARY-USE-Member-of-Feeding-America-Logo-in-Seed-Shape_Full-Color-PNG-File-scaled.png?fit=758%2C456&amp;ssl=1\" class=\"attachment-medium size-medium wp-image-22845\" alt=\"\" \/>\t\t\t\t\t\t\t\t\t\t\t\t\t\t\t<\/div>\n\t\t\t\t\t<\/div>\n\t\t<\/div>\n\t\t\t\t<div class=\"elementor-column elementor-col-50 elementor-top-column elementor-element elementor-element-1131ce7 ps-lg-5\" data-id=\"1131ce7\" data-element_type=\"column\" data-e-type=\"column\">\n\t\t\t<div class=\"elementor-widget-wrap elementor-element-populated\">\n\t\t\t\t\t\t<div class=\"elementor-element elementor-element-78ade2e elementor-widget elementor-widget-text-editor\" data-id=\"78ade2e\" data-element_type=\"widget\" data-e-type=\"widget\" data-widget_type=\"text-editor.default\">\n\t\t\t\t\t\t\t\t\t<p>History and Achievements of the Organization<\/p>\t\t\t\t\t\t\t\t<\/div>\n\t\t\t\t<div class=\"elementor-element elementor-element-d35a377 elementor-widget elementor-widget-charetysectiontitle\" data-id=\"d35a377\" data-element_type=\"widget\" data-e-type=\"widget\" data-widget_type=\"charetysectiontitle.default\">\n\t\t\t\t<div class=\"elementor-widget-container\">\n\t\t\t\t\t<div class=\"section-title-wrapper margin-bottom-0\"><div class=\"title-wrap\"><h2 class=\"section-title\">Trajectory and Evolution of the Organization<\/h2><span class=\"title-separator separator-img\"><img decoding=\"async\" class=\"img-fluid\" src=\"https:\/\/i0.wp.com\/alimentospr.org\/wp-content\/uploads\/2022\/02\/sub-border-1.png?fit=82%2C6&#038;ssl=1\" width=\"82\" height=\"6\" alt=\"\" \/><\/span><\/div><!-- .title-wrap --><div class=\"section-description\"><\/div><!-- .section-description --><\/div><!-- .section-title-wrapper -->\t\t\t\t<\/div>\n\t\t\t\t<\/div>\n\t\t\t\t<div class=\"elementor-element elementor-element-5616eff elementor-widget elementor-widget-text-editor\" data-id=\"5616eff\" data-element_type=\"widget\" data-e-type=\"widget\" data-widget_type=\"text-editor.default\">\n\t\t\t\t\t\t\t\t\t<p>Banco de Alimentos Puerto Rico is a private, non-profit organization founded with the purpose of alleviating hunger, improving nutrition and the quality of life of the most vulnerable citizens. Operations began in 1988 and is Today a vibrant organization working from a modern facility of 30,600 square feet of storage and 10,000 square feet of offices located in Carolina, in partnership with 130 affiliated organizations. It distributes food through its organization network reaching the Island with an army of  volunteers who have provided thousands of hours of service in the mission to bring food to all corners of the Island. From there, we reach over 1.3 million persons annually as we work tirelessly to achieve the goal of the United Nations postulate, a Puerto Rico Hunger Free.<\/p>\t\t\t\t\t\t\t\t<\/div>\n\t\t\t\t<section class=\"elementor-section elementor-inner-section elementor-element elementor-element-9ab750a elementor-section-boxed elementor-section-height-default elementor-section-height-default\" data-id=\"9ab750a\" data-element_type=\"section\" data-e-type=\"section\">\n\t\t\t\t\t\t<div class=\"elementor-container elementor-column-gap-default\">\n\t\t\t\t\t<div class=\"elementor-column elementor-col-100 elementor-inner-column elementor-element elementor-element-f91225f\" data-id=\"f91225f\" data-element_type=\"column\" data-e-type=\"column\">\n\t\t\t<div class=\"elementor-widget-wrap elementor-element-populated\">\n\t\t\t\t\t\t<div class=\"elementor-element elementor-element-174c40e elementor-align-left elementor-widget elementor-widget-button\" data-id=\"174c40e\" data-element_type=\"widget\" data-e-type=\"widget\" data-widget_type=\"button.default\">\n\t\t\t\t\t\t\t\t\t\t<a class=\"elementor-button elementor-button-link elementor-size-sm\" href=\"https:\/\/alimentospr.org\/en\/historia\/\">\n\t\t\t\t\t\t<span class=\"elementor-button-content-wrapper\">\n\t\t\t\t\t\t<span class=\"elementor-button-icon\">\n\t\t\t\t<svg aria-hidden=\"true\" class=\"e-font-icon-svg e-far-heart\" viewbox=\"0 0 512 512\" xmlns=\"http:\/\/www.w3.org\/2000\/svg\"><path d=\"M458.4 64.3C400.6 15.7 311.3 23 256 79.3 200.7 23 111.4 15.6 53.6 64.3-21.6 127.6-10.6 230.8 43 285.5l175.4 178.7c10 10.2 23.4 15.9 37.6 15.9 14.3 0 27.6-5.6 37.6-15.8L469 285.6c53.5-54.7 64.7-157.9-10.6-221.3zm-23.6 187.5L259.4 430.5c-2.4 2.4-4.4 2.4-6.8 0L77.2 251.8c-36.5-37.2-43.9-107.6 7.3-150.7 38.9-32.7 98.9-27.8 136.5 10.5l35 35.7 35-35.7c37.8-38.5 97.8-43.2 136.5-10.6 51.1 43.1 43.5 113.9 7.3 150.8z\"><\/path><\/svg>\t\t\t<\/span>\n\t\t\t\t\t\t\t\t\t<span class=\"elementor-button-text\">OUR HISTORY<\/span>\n\t\t\t\t\t<\/span>\n\t\t\t\t\t<\/a>\n\t\t\t\t\t\t\t\t<\/div>\n\t\t\t\t\t<\/div>\n\t\t<\/div>\n\t\t\t\t\t<\/div>\n\t\t<\/section>\n\t\t\t\t\t<\/div>\n\t\t<\/div>\n\t\t\t\t\t<\/div>\n\t\t<\/section>\n\t\t\t\t<section class=\"elementor-section elementor-top-section elementor-element elementor-element-5893c9e elementor-section-full_width elementor-section-height-default elementor-section-height-default\" data-id=\"5893c9e\" data-element_type=\"section\" data-e-type=\"section\">\n\t\t\t\t\t\t\t<div class=\"elementor-background-overlay\"><\/div>\n\t\t\t\t\t\t\t<div class=\"elementor-container elementor-column-gap-default\">\n\t\t\t\t\t<div class=\"elementor-column elementor-col-100 elementor-top-column elementor-element elementor-element-66ef0a1\" data-id=\"66ef0a1\" data-element_type=\"column\" data-e-type=\"column\">\n\t\t\t<div class=\"elementor-widget-wrap elementor-element-populated\">\n\t\t\t\t\t\t<div class=\"elementor-element elementor-element-48b293a elementor-widget elementor-widget-image\" data-id=\"48b293a\" data-element_type=\"widget\" data-e-type=\"widget\" data-widget_type=\"image.default\">\n\t\t\t\t\t\t\t\t\t\t\t\t\t\t\t<img loading=\"lazy\" decoding=\"async\" width=\"768\" height=\"577\" src=\"https:\/\/i0.wp.com\/alimentospr.org\/wp-content\/uploads\/DSC03158.png?fit=768%2C577&amp;ssl=1\" class=\"attachment-medium_large size-medium_large wp-image-24661\" alt=\"\" \/>\t\t\t\t\t\t\t\t\t\t\t\t\t\t\t<\/div>\n\t\t\t\t\t<\/div>\n\t\t<\/div>\n\t\t\t\t\t<\/div>\n\t\t<\/section>\n\t\t\t\t<section class=\"elementor-section elementor-top-section elementor-element elementor-element-5750fbf elementor-section-boxed elementor-section-height-default elementor-section-height-default\" data-id=\"5750fbf\" data-element_type=\"section\" data-e-type=\"section\">\n\t\t\t\t\t\t<div class=\"elementor-container elementor-column-gap-default\">\n\t\t\t\t\t<div class=\"elementor-column elementor-col-100 elementor-top-column elementor-element elementor-element-1ead5f2\" data-id=\"1ead5f2\" data-element_type=\"column\" data-e-type=\"column\">\n\t\t\t<div class=\"elementor-widget-wrap elementor-element-populated\">\n\t\t\t\t\t\t<div class=\"elementor-element elementor-element-0540641 elementor-widget elementor-widget-heading\" data-id=\"0540641\" data-element_type=\"widget\" data-e-type=\"widget\" data-widget_type=\"heading.default\">\n\t\t\t\t\t<h3 class=\"elementor-heading-title elementor-size-default\">Meet Our Team<\/h3>\t\t\t\t<\/div>\n\t\t\t\t<section class=\"elementor-section elementor-inner-section elementor-element elementor-element-43d46d3 elementor-section-height-min-height elementor-section-boxed elementor-section-height-default\" data-id=\"43d46d3\" data-element_type=\"section\" data-e-type=\"section\">\n\t\t\t\t\t\t<div class=\"elementor-container elementor-column-gap-default\">\n\t\t\t\t\t<div class=\"elementor-column elementor-col-50 elementor-inner-column elementor-element elementor-element-42293f9\" data-id=\"42293f9\" data-element_type=\"column\" data-e-type=\"column\">\n\t\t\t<div class=\"elementor-widget-wrap elementor-element-populated\">\n\t\t\t\t\t\t<div class=\"elementor-element elementor-element-e9baa07 elementor-widget elementor-widget-text-editor\" data-id=\"e9baa07\" data-element_type=\"widget\" data-e-type=\"widget\" data-widget_type=\"text-editor.default\">\n\t\t\t\t\t\t\t\t\t<p><b>Presidenta, CEO<\/b><br \/><u><\/u><span lang=\"ES-PR\">Mari Jo Laborde &#8211; <u><\/u><u><\/u><\/span><span lang=\"ES-PR\">Director<\/span><span lang=\"ES-PR\"><br \/><\/span><span lang=\"ES-PR\">(787) 440-3663 ext. 106<br \/><a href=\"mailto:mlaborde@bancodealimentopr.org\" target=\"_blank\" rel=\"noopener\">mlaborde@bancodealimentopr.org<\/a><br \/><\/span><\/p><p class=\"m_7389645049198015792MsoListParagraph\"><b style=\"color: var( --e-global-color-text ); font-family: var( --e-global-typography-text-font-family ), Sans-serif;\">Programs<br \/><\/b>Damaris Soto \u2013 Program Manager<br \/>(787) 740-3663 Ext. 119<br \/><a href=\"mailto:dsoto@bancodealimentopr.org\">dsoto@bancodealimentopr.org<\/a><\/p><p>Karen Col\u00f3n \u2013 Coordinator of Non-Profit Organizations, Churches <br \/>and Backpack Program<br \/>(787) 740-3663 Ext. 105<br \/><a href=\"mailto:agencias@bancodealimentopr.org\">agencias@bancodealimentopr.org<\/a><\/p><p>Carol Faria &#8211; Oficial de Programa<br \/>gusnip@bancodealimentospr.org<br \/>787-740-3663 ext 115<\/p><p><strong>Operations<\/strong><\/p><p>Michael De Jes\u00fas \u2013 Operations Manager<br \/>(787) 740-3663 Ext. 102<br \/><a href=\"mailto:galmacen@bancodealimentopr.org\">galmacen@bancodealimentopr.org<\/a><\/p><p>Jorge Casanova &#8211; Gerente de Almac\u00e9n<\/p><p>Michael G. Silva &#8211; Coordinador de Calidad<br \/>(787) 740-3663 <br \/><a href=\"mailto:msilva@bancodealimentopr.org\">coordinadordecalidad@bancodealimentopr.org<\/a><\/p><p style=\"font-weight: 400;\">Lizzie Per\u00e9z \u2013 Oficial de Relaciones con Donantes<br \/>Tel. 787-740-3663 ext. 108<br \/><a href=\"mailto:foodsourcing@bancodealimentopr.org\">foodsourcing@bancodealimentopr.org<\/a><\/p>\t\t\t\t\t\t\t\t<\/div>\n\t\t\t\t\t<\/div>\n\t\t<\/div>\n\t\t\t\t<div class=\"elementor-column elementor-col-50 elementor-inner-column elementor-element elementor-element-c82211d\" data-id=\"c82211d\" data-element_type=\"column\" data-e-type=\"column\">\n\t\t\t<div class=\"elementor-widget-wrap elementor-element-populated\">\n\t\t\t\t\t\t<div class=\"elementor-element elementor-element-cfb170e elementor-widget elementor-widget-text-editor\" data-id=\"cfb170e\" data-element_type=\"widget\" data-e-type=\"widget\" data-widget_type=\"text-editor.default\">\n\t\t\t\t\t\t\t\t\t<p><strong>Finance<\/strong><br \/>Juan Torres\u00a0 &#8211; Contador<br \/>(787) 740-3663 Ext. 103<br \/><a href=\"mailto:finanzas@bancodealimentopr.org\">finanzas@bancodealimentopr.org<\/a><\/p><p style=\"font-weight: 400;\">Juan C. Gonz\u00e1lez &#8211; Coordinador de Finanzas<br \/>(787) 740-3663 Ext. 110<br \/><a href=\"mailto:Coordinador.finanza@bancodealimentopr.org\">Coordinador.finanza@bancodealimentopr.org<\/a><\/p><p><strong>Development<\/strong><\/p><p>Gabriela Col\u00f3n \u2013 Development Officer<br \/>(787) 740-3663 Ext. 110<br \/><a href=\"mailto:gcolon@bancodealimentopr.org\">gcolon@bancodealimentopr.org<\/a><\/p><p><strong>Recursos Humanos<\/strong> <br \/>Luz Mart\u00ednez &#8211; Gerente de Recursos Humanos<br \/>(787) 740-3663 Ext. 104<br \/><a href=\"mailto:rh@bancodealimentopr.org\">rh@bancodealimentopr.org<\/a><\/p>\t\t\t\t\t\t\t\t<\/div>\n\t\t\t\t\t<\/div>\n\t\t<\/div>\n\t\t\t\t\t<\/div>\n\t\t<\/section>\n\t\t\t\t\t<\/div>\n\t\t<\/div>\n\t\t\t\t\t<\/div>\n\t\t<\/section>\n\t\t<div class=\"elementor-element elementor-element-2d43535 e-flex e-con-boxed e-con e-parent\" data-id=\"2d43535\" data-element_type=\"container\" data-e-type=\"container\">\n\t\t\t\t\t<div class=\"e-con-inner\">\n\t\t\t\t<div class=\"elementor-element elementor-element-46041cd elementor-widget elementor-widget-text-editor\" data-id=\"46041cd\" data-element_type=\"widget\" data-e-type=\"widget\" data-widget_type=\"text-editor.default\">\n\t\t\t\t\t\t\t\t\t<h4 style=\"text-align: center;\"><span style=\"text-decoration: underline; color: #000000;\"><strong>Nuestros Afililiados<\/strong><\/span><\/h4>\t\t\t\t\t\t\t\t<\/div>\n\t\t\t\t\t<\/div>\n\t\t\t\t<\/div>\n\t\t<div class=\"elementor-element elementor-element-17533fd e-grid e-con-boxed e-con e-parent\" data-id=\"17533fd\" data-element_type=\"container\" data-e-type=\"container\">\n\t\t\t\t\t<div class=\"e-con-inner\">\n\t\t\t\t<div class=\"elementor-element elementor-element-2404c49 elementor-widget elementor-widget-image\" data-id=\"2404c49\" data-element_type=\"widget\" data-e-type=\"widget\" data-widget_type=\"image.default\">\n\t\t\t\t\t\t\t\t\t\t\t\t\t\t\t<img decoding=\"async\" width=\"758\" height=\"456\" src=\"https:\/\/i0.wp.com\/alimentospr.org\/wp-content\/uploads\/SECONDARY-USE-Member-of-Feeding-America-Logo-in-Seed-Shape_Full-Color-PNG-File-scaled.png?fit=758%2C456&amp;ssl=1\" class=\"attachment-medium size-medium wp-image-22845\" alt=\"\" \/>\t\t\t\t\t\t\t\t\t\t\t\t\t\t\t<\/div>\n\t\t\t\t<div class=\"elementor-element elementor-element-82b6316 elementor-widget elementor-widget-image\" data-id=\"82b6316\" data-element_type=\"widget\" data-e-type=\"widget\" data-widget_type=\"image.default\">\n\t\t\t\t\t\t\t\t\t\t\t\t\t\t\t<img loading=\"lazy\" decoding=\"async\" width=\"768\" height=\"456\" src=\"https:\/\/i0.wp.com\/alimentospr.org\/wp-content\/uploads\/Logo-Fondos-Unidos-FC-Org-Afiliada-002.png?fit=768%2C456&amp;ssl=1\" class=\"attachment-medium size-medium wp-image-26036\" alt=\"\" srcset=\"https:\/\/i0.wp.com\/alimentospr.org\/wp-content\/uploads\/Logo-Fondos-Unidos-FC-Org-Afiliada-002.png?resize=768%2C456&amp;ssl=1 768w, https:\/\/i0.wp.com\/alimentospr.org\/wp-content\/uploads\/Logo-Fondos-Unidos-FC-Org-Afiliada-002.png?resize=1170%2C694&amp;ssl=1 1170w, https:\/\/i0.wp.com\/alimentospr.org\/wp-content\/uploads\/Logo-Fondos-Unidos-FC-Org-Afiliada-002.png?resize=18%2C12&amp;ssl=1 18w\" sizes=\"(max-width: 768px) 100vw, 768px\" \/>\t\t\t\t\t\t\t\t\t\t\t\t\t\t\t<\/div>\n\t\t\t\t\t<\/div>\n\t\t\t\t<\/div>\n\t\t\t\t<\/div>","protected":false},"excerpt":{"rendered":"<p>Historia y Logros de la Organizaci\u00f3n Trayectoria y Evoluci\u00f3n de la Organizaci\u00f3n El Banco de Alimentos de Puerto Rico es una organizaci\u00f3n sin fines de lucro fundada con el prop\u00f3sito<\/p>","protected":false},"author":1,"featured_media":0,"parent":0,"menu_order":0,"comment_status":"closed","ping_status":"closed","template":"","meta":{"_monsterinsights_skip_tracking":false,"_monsterinsights_sitenote_active":false,"_monsterinsights_sitenote_note":"","_monsterinsights_sitenote_category":0,"footnotes":""},"class_list":["post-19193","page","type-page","status-publish","hentry"],"aioseo_notices":[],"_links":{"self":[{"href":"https:\/\/alimentospr.org\/en\/wp-json\/wp\/v2\/pages\/19193","targetHints":{"allow":["GET"]}}],"collection":[{"href":"https:\/\/alimentospr.org\/en\/wp-json\/wp\/v2\/pages"}],"about":[{"href":"https:\/\/alimentospr.org\/en\/wp-json\/wp\/v2\/types\/page"}],"author":[{"embeddable":true,"href":"https:\/\/alimentospr.org\/en\/wp-json\/wp\/v2\/users\/1"}],"replies":[{"embeddable":true,"href":"https:\/\/alimentospr.org\/en\/wp-json\/wp\/v2\/comments?post=19193"}],"version-history":[{"count":17,"href":"https:\/\/alimentospr.org\/en\/wp-json\/wp\/v2\/pages\/19193\/revisions"}],"predecessor-version":[{"id":26060,"href":"https:\/\/alimentospr.org\/en\/wp-json\/wp\/v2\/pages\/19193\/revisions\/26060"}],"wp:attachment":[{"href":"https:\/\/alimentospr.org\/en\/wp-json\/wp\/v2\/media?parent=19193"}],"curies":[{"name":"wp","href":"https:\/\/api.w.org\/{rel}","templated":true}]}}